{"id":218,"date":"2019-06-16T14:21:22","date_gmt":"2019-06-16T12:21:22","guid":{"rendered":"http:\/\/grandestauto.demo.izhak.fr\/?page_id=218"},"modified":"2019-08-29T14:57:44","modified_gmt":"2019-08-29T12:57:44","slug":"mentions-legales","status":"publish","type":"page","link":"https:\/\/audi-strasbourg-occasionplus.fr\/old2\/mentions-legales\/","title":{"rendered":"Mentions l\u00e9gales"},"content":{"rendered":"<p class=\"p1\"><span class=\"s1\"><b>1-Informations l\u00e9gales<\/b><\/span><\/p>\n<p class=\"p1\"><span class=\"s1\">Le site grand-est-automobiles.fr\/audi-test<\/span><span class=\"s1\"> que vous consultez actuellement est la propri\u00e9t\u00e9 de :<\/span><\/p>\n<p class=\"p3\">GEA Service<br \/>\n3 rue de Dublin<br \/>\n67300 SCHILTIGHEIM<br \/>\ncontact@geauto.fr<br \/>\nT\u00e9l : 03 88 23 93 00<\/p>\n<p class=\"p1\"><span class=\"s1\">R\u00e9alisation du site Internet: IZHAK Agency &#8211; <a href=\"http:\/\/www.izhak.fr\" target=\"_blank\" rel=\"noopener noreferrer\">www.izhak.fr<\/a><\/span><\/p>\n<p class=\"p1\"><span class=\"s1\"><b>2-Donn\u00e9es personnelles<\/b><\/span><\/p>\n<p class=\"p1\"><span class=\"s1\">Conform\u00e9ment \u00e0 la loi Informatique et Libert\u00e9s du 6 Janvier 1978 modifi\u00e9e par la Loi du 6 ao\u00fbt 2004, vous disposez d&rsquo;un droit d&rsquo;acc\u00e8s,<span class=\"Apple-converted-space\">\u00a0 <\/span>de rectification, de modification et de suppression des donn\u00e9es personnelles que vous nous avez communiqu\u00e9es. Vous pouvez exercer ce droit en envoyant un<span class=\"Apple-converted-space\">\u00a0 <\/span>courrier<span class=\"Apple-converted-space\">\u00a0 <\/span>au Responsable du traitement<span class=\"Apple-converted-space\">\u00a0 <\/span>: <\/span><\/p>\n<p class=\"p3\">GEA Service<br \/>\n3 rue de Dublin<br \/>\n67300 SCHILTIGHEIM<br \/>\ncontact AT geauto.fr<br \/>\nT\u00e9l : 03 88 23 93 00<\/p>\n<p class=\"p1\"><span class=\"s1\">Le site Internet grand-est-automobiles.fr est d\u00e9clar\u00e9 aupr\u00e8s de la CNIL (Commission Nationale de l&rsquo;Informatique et des Libert\u00e9s).<\/span><\/p>\n<p class=\"p1\"><span class=\"s1\">Si vous \u00eates abonn\u00e9 \u00e0 des services d&rsquo;information par courrier \u00e9lectronique (\u00ab\u00a0newsletter\u00a0\u00bb), vous pouvez demander \u00e0 ne plus recevoir ces courriers soit comme indiqu\u00e9 ci-dessus, soit en suivant les instructions figurant en fin de chacun de ces courriers, lorsque vous les recevez.<\/span><\/p>\n<p class=\"p1\"><span class=\"s1\"><b>3-Cookies<\/b><\/span><\/p>\n<p class=\"p1\"><span class=\"s1\">Les \u00ab cookies \u00bb sont un bloc de donn\u00e9es qui servent \u00e0 enregistrer des donn\u00e9es concernant la navigation d\u2019un internaute sur un site Internet. Les \u00ab cookies \u00bb ne permettent pas d&rsquo;identifier un internaute. <\/span><\/p>\n<p class=\"p1\"><span class=\"s1\">GEA Service informe les internautes que de tels \u00ab cookies \u00bb peuvent s\u2019installer de mani\u00e8re automatique sur leurs logiciels de navigation Internet. <\/span><\/p>\n<p class=\"p1\"><span class=\"s1\">Le param\u00e9trage du logiciel de navigation permet d&rsquo;informer de la pr\u00e9sence de \u00ab cookies \u00bb et \u00e9ventuellement de les refuser en se r\u00e9f\u00e9rant aux instructions des diff\u00e9rents logiciels de navigation de chaque internaute. <\/span><\/p>\n<p class=\"p1\"><span class=\"s1\">Les internautes disposent d&rsquo;un droit d&rsquo;acc\u00e8s, de retrait et de modification des donn\u00e9es personnelles communiqu\u00e9es par le biais de \u00ab cookies \u00bb dans les conditions indiqu\u00e9es \u00e0 l\u2019article 2 \u00ab Donn\u00e9es personnelles \u00bb. GEA Service attire l\u2019attention des internautes sur le fait que, pour des raisons techniques, le fait de d\u00e9sactiver les \u00abcookies\u00bb peut restreindre l&rsquo;acc\u00e8s des internautes au Site.<\/span><\/p>\n<p class=\"p1\"><span class=\"s1\"><b>4-Garanties et limitations de responsabilit\u00e9<\/b><\/span><\/p>\n<p class=\"p1\"><span class=\"s1\">GEA Service ne pourra \u00eatre tenue pour responsable du contenu de ces sites et de l&rsquo;usage qui pourra en \u00eatre fait par les<span class=\"Apple-converted-space\">\u00a0 <\/span>utilisateurs.<\/span><\/p>\n<p class=\"p1\"><span class=\"s1\">GEA Service ne peut garantir que certaines caract\u00e9ristiques des produits (notamment les couleurs) pr\u00e9sent\u00e9s sur le Site reproduisent exactement les produits ; la fid\u00e9lit\u00e9 d\u00e9pendant en partie de la qualit\u00e9 de rendu des couleurs de l\u2019\u00e9quipement informatique de chaque internaute. <\/span><\/p>\n<p class=\"p1\"><span class=\"s1\">GEA Service s&rsquo;engage \u00e0 faire ses meilleurs efforts pour assurer l\u2019exploitation du Site et son acc\u00e8s dans les meilleures conditions. <\/span><\/p>\n<p class=\"p1\"><span class=\"s1\">Tout internaute s\u2019engage \u00e0 ne pas divulguer \u00e0 un tiers ses identifiants personnels concernant le Site ainsi qu\u2019\u00e0 pr\u00e9venir sans d\u00e9lai le Service Relation Clients de GEA Service en cas de perte, vol ou d\u2019usage frauduleux de ses identifiants personnels. <\/span><\/p>\n<p class=\"p1\"><span class=\"s1\">En toute hypoth\u00e8se, GEA Service ne saurait \u00eatre responsable en cas d\u2019acc\u00e8s au Site ou d\u2019utilisation des services du Site par un internaute non-conforme aux pr\u00e9sentes et notamment en cas d\u2019acc\u00e8s aux services du fait de fraude, perte, vol ou communication des identifiants personnels. <\/span><\/p>\n<p class=\"p1\"><span class=\"s1\">De m\u00eame, le fait d\u2019acc\u00e9der au Site implique l\u2019acceptation par l\u2019internaute des caract\u00e9ristiques particuli\u00e8res du r\u00e9seau Internet ainsi que des risques et al\u00e9as qui y sont associ\u00e9s (temps de r\u00e9ponse, risques li\u00e9s aux \u00e9changes d\u2019informations, piratage des donn\u00e9es, pr\u00e9sence de virus informatiques). <\/span><\/p>\n<p class=\"p1\"><span class=\"s1\">L\u2019internaute assumant seul l\u2019enti\u00e8re responsabilit\u00e9 de toute visite et navigation sur le Site, GEA Service ne saurait encourir une quelconque responsabilit\u00e9 en cas de dommage direct ou indirect subi par ou caus\u00e9 \u00e0 tout internaute d\u00e9coulant d\u2019une utilisation inappropri\u00e9e ou par n\u00e9gligence d\u2019un ordinateur ou tout outil informatique, d\u2019un d\u00e9faut de maintenance du mat\u00e9riel ou d\u2019acc\u00e8s Internet, et plus g\u00e9n\u00e9ralement de tout dysfonctionnement des serveurs, lignes t\u00e9l\u00e9phoniques, connexions ADSL, ou autre.<\/span><\/p>\n<p class=\"p1\"><span class=\"s1\">GEA Service propose sur son site SITE des liens vers des sites tiers. Ces liens sont \u00e9tablis en accord avec les sites concern\u00e9s \u00e0 un moment o\u00f9 GEA Service a pu juger opportun de le faire, compte tenu des contenus et services de ces sites.<\/span><\/p>\n<p class=\"p1\"><span class=\"s1\"><b>5-Propri\u00e9t\u00e9 Intellectuelle<\/b><\/span><\/p>\n<p class=\"p1\"><span class=\"s1\">L&rsquo;acc\u00e8s au site SITE vous conf\u00e8re un droit<span class=\"Apple-converted-space\">\u00a0 <\/span>d&rsquo;usage priv\u00e9 et non exclusif de ce site.<\/span><\/p>\n<p class=\"p1\"><span class=\"s1\">Tous les articles, photographies et autres documents pr\u00e9sent\u00e9s sur ce site sont<span class=\"Apple-converted-space\">\u00a0 <\/span>la propri\u00e9t\u00e9 de GEA Service , ou sont reproduits avec l&rsquo;autorisation de leurs propri\u00e9taires, et sont soumis au droit d&rsquo;auteur et autres droits de propri\u00e9t\u00e9<span class=\"Apple-converted-space\">\u00a0 <\/span>intellectuelle ou industrielle. <\/span><\/p>\n<p class=\"p1\"><span class=\"s1\">L&rsquo;utilisation frauduleuse de tout contenu du site Internet<span class=\"Apple-converted-space\">\u00a0 <\/span>est totalement interdite. GEA Service vous informe qu&rsquo;elle usera largement<span class=\"Apple-converted-space\">\u00a0 <\/span>de ses droits de propri\u00e9t\u00e9 intellectuelle pour engager des poursuites, m\u00eame p\u00e9nale, si n\u00e9cessaire.<\/span><\/p>\n<p class=\"p1\"><span class=\"s1\"><b>6-Indisponibilit\u00e9 du site<\/b><\/span><\/p>\n<p class=\"p1\"><span class=\"s1\">GEA Service s&rsquo;engage \u00e0 faire ses meilleurs efforts pour assurer aux utilisateurs une accessibilit\u00e9 du site \u00e0 tout moment. GEA Service ne pourra \u00eatre tenue pour responsable, en cas d&rsquo;indisponibilit\u00e9 du site, pour quelque cause que ce soit.<\/span><\/p>\n<p class=\"p1\"><strong><span class=\"s1\">7. Contact<\/span><\/strong><\/p>\n<p class=\"p1\"><span class=\"s1\">Pour nous contacter par mail : contact@geauto.fr <\/span><\/p>\n","protected":false},"excerpt":{"rendered":"<p>1-Informations l\u00e9gales Le site grand-est-automobiles.fr\/audi-test que vous consultez actuellement est la propri\u00e9t\u00e9 de : GEA Service 3 rue de Dublin<\/p>\n","protected":false},"author":1,"featured_media":60,"parent":0,"menu_order":0,"comment_status":"closed","ping_status":"closed","template":"","meta":{"_acf_changed":false,"inline_featured_image":false,"footnotes":""},"class_list":["post-218","page","type-page","status-publish","has-post-thumbnail","hentry"],"yoast_head":"<!-- This site is optimized with the Yoast SEO plugin v26.9 - https:\/\/yoast.com\/product\/yoast-seo-wordpress\/ -->\n<title>Mentions l\u00e9gales - Audi test<\/title>\n<meta name=\"robots\" content=\"noindex, follow, max-snippet:-1, max-image-preview:large, max-video-preview:-1\" \/>\n<meta property=\"og:locale\" content=\"fr_FR\" \/>\n<meta property=\"og:type\" content=\"article\" \/>\n<meta property=\"og:title\" content=\"Mentions l\u00e9gales - Audi test\" \/>\n<meta property=\"og:description\" content=\"1-Informations l\u00e9gales Le site grand-est-automobiles.fr\/audi-test que vous consultez actuellement est la propri\u00e9t\u00e9 de : GEA Service 3 rue de Dublin\" \/>\n<meta property=\"og:url\" content=\"https:\/\/audi-strasbourg-occasionplus.fr\/old2\/mentions-legales\/\" \/>\n<meta property=\"og:site_name\" content=\"Audi test\" \/>\n<meta property=\"article:modified_time\" content=\"2019-08-29T12:57:44+00:00\" \/>\n<meta property=\"og:image\" content=\"https:\/\/audi-strasbourg-occasionplus.fr\/old2\/wp-content\/uploads\/sites\/29\/2019\/06\/home-05-1.jpg\" \/>\n\t<meta property=\"og:image:width\" content=\"1502\" \/>\n\t<meta property=\"og:image:height\" content=\"1006\" \/>\n\t<meta property=\"og:image:type\" content=\"image\/jpeg\" \/>\n<meta name=\"twitter:card\" content=\"summary_large_image\" \/>\n<meta name=\"twitter:label1\" content=\"Dur\u00e9e de lecture estim\u00e9e\" \/>\n\t<meta name=\"twitter:data1\" content=\"4 minutes\" \/>\n<script type=\"application\/ld+json\" class=\"yoast-schema-graph\">{\"@context\":\"https:\/\/schema.org\",\"@graph\":[{\"@type\":\"WebPage\",\"@id\":\"https:\/\/audi-strasbourg-occasionplus.fr\/old2\/mentions-legales\/\",\"url\":\"https:\/\/audi-strasbourg-occasionplus.fr\/old2\/mentions-legales\/\",\"name\":\"Mentions l\u00e9gales - Audi test\",\"isPartOf\":{\"@id\":\"https:\/\/audi-strasbourg-occasionplus.fr\/old2\/#website\"},\"primaryImageOfPage\":{\"@id\":\"https:\/\/audi-strasbourg-occasionplus.fr\/old2\/mentions-legales\/#primaryimage\"},\"image\":{\"@id\":\"https:\/\/audi-strasbourg-occasionplus.fr\/old2\/mentions-legales\/#primaryimage\"},\"thumbnailUrl\":\"https:\/\/audi-strasbourg-occasionplus.fr\/old2\/wp-content\/uploads\/sites\/29\/2019\/06\/home-05-1.jpg\",\"datePublished\":\"2019-06-16T12:21:22+00:00\",\"dateModified\":\"2019-08-29T12:57:44+00:00\",\"breadcrumb\":{\"@id\":\"https:\/\/audi-strasbourg-occasionplus.fr\/old2\/mentions-legales\/#breadcrumb\"},\"inLanguage\":\"fr-FR\",\"potentialAction\":[{\"@type\":\"ReadAction\",\"target\":[\"https:\/\/audi-strasbourg-occasionplus.fr\/old2\/mentions-legales\/\"]}]},{\"@type\":\"ImageObject\",\"inLanguage\":\"fr-FR\",\"@id\":\"https:\/\/audi-strasbourg-occasionplus.fr\/old2\/mentions-legales\/#primaryimage\",\"url\":\"https:\/\/audi-strasbourg-occasionplus.fr\/old2\/wp-content\/uploads\/sites\/29\/2019\/06\/home-05-1.jpg\",\"contentUrl\":\"https:\/\/audi-strasbourg-occasionplus.fr\/old2\/wp-content\/uploads\/sites\/29\/2019\/06\/home-05-1.jpg\",\"width\":1502,\"height\":1006},{\"@type\":\"BreadcrumbList\",\"@id\":\"https:\/\/audi-strasbourg-occasionplus.fr\/old2\/mentions-legales\/#breadcrumb\",\"itemListElement\":[{\"@type\":\"ListItem\",\"position\":1,\"name\":\"Accueil\",\"item\":\"https:\/\/audi-strasbourg-occasionplus.fr\/old2\/\"},{\"@type\":\"ListItem\",\"position\":2,\"name\":\"Mentions l\u00e9gales\"}]},{\"@type\":\"WebSite\",\"@id\":\"https:\/\/audi-strasbourg-occasionplus.fr\/old2\/#website\",\"url\":\"https:\/\/audi-strasbourg-occasionplus.fr\/old2\/\",\"name\":\"Audi test\",\"description\":\"Concessionnaire AUDI \u00e0 Obernai - Grand Est Automobiles.\",\"potentialAction\":[{\"@type\":\"SearchAction\",\"target\":{\"@type\":\"EntryPoint\",\"urlTemplate\":\"https:\/\/audi-strasbourg-occasionplus.fr\/old2\/?s={search_term_string}\"},\"query-input\":{\"@type\":\"PropertyValueSpecification\",\"valueRequired\":true,\"valueName\":\"search_term_string\"}}],\"inLanguage\":\"fr-FR\"}]}<\/script>\n<!-- \/ Yoast SEO plugin. -->","yoast_head_json":{"title":"Mentions l\u00e9gales - Audi test","robots":{"index":"noindex","follow":"follow","max-snippet":"max-snippet:-1","max-image-preview":"max-image-preview:large","max-video-preview":"max-video-preview:-1"},"og_locale":"fr_FR","og_type":"article","og_title":"Mentions l\u00e9gales - Audi test","og_description":"1-Informations l\u00e9gales Le site grand-est-automobiles.fr\/audi-test que vous consultez actuellement est la propri\u00e9t\u00e9 de : GEA Service 3 rue de Dublin","og_url":"https:\/\/audi-strasbourg-occasionplus.fr\/old2\/mentions-legales\/","og_site_name":"Audi test","article_modified_time":"2019-08-29T12:57:44+00:00","og_image":[{"width":1502,"height":1006,"url":"https:\/\/audi-strasbourg-occasionplus.fr\/old2\/wp-content\/uploads\/sites\/29\/2019\/06\/home-05-1.jpg","type":"image\/jpeg"}],"twitter_card":"summary_large_image","twitter_misc":{"Dur\u00e9e de lecture estim\u00e9e":"4 minutes"},"schema":{"@context":"https:\/\/schema.org","@graph":[{"@type":"WebPage","@id":"https:\/\/audi-strasbourg-occasionplus.fr\/old2\/mentions-legales\/","url":"https:\/\/audi-strasbourg-occasionplus.fr\/old2\/mentions-legales\/","name":"Mentions l\u00e9gales - Audi test","isPartOf":{"@id":"https:\/\/audi-strasbourg-occasionplus.fr\/old2\/#website"},"primaryImageOfPage":{"@id":"https:\/\/audi-strasbourg-occasionplus.fr\/old2\/mentions-legales\/#primaryimage"},"image":{"@id":"https:\/\/audi-strasbourg-occasionplus.fr\/old2\/mentions-legales\/#primaryimage"},"thumbnailUrl":"https:\/\/audi-strasbourg-occasionplus.fr\/old2\/wp-content\/uploads\/sites\/29\/2019\/06\/home-05-1.jpg","datePublished":"2019-06-16T12:21:22+00:00","dateModified":"2019-08-29T12:57:44+00:00","breadcrumb":{"@id":"https:\/\/audi-strasbourg-occasionplus.fr\/old2\/mentions-legales\/#breadcrumb"},"inLanguage":"fr-FR","potentialAction":[{"@type":"ReadAction","target":["https:\/\/audi-strasbourg-occasionplus.fr\/old2\/mentions-legales\/"]}]},{"@type":"ImageObject","inLanguage":"fr-FR","@id":"https:\/\/audi-strasbourg-occasionplus.fr\/old2\/mentions-legales\/#primaryimage","url":"https:\/\/audi-strasbourg-occasionplus.fr\/old2\/wp-content\/uploads\/sites\/29\/2019\/06\/home-05-1.jpg","contentUrl":"https:\/\/audi-strasbourg-occasionplus.fr\/old2\/wp-content\/uploads\/sites\/29\/2019\/06\/home-05-1.jpg","width":1502,"height":1006},{"@type":"BreadcrumbList","@id":"https:\/\/audi-strasbourg-occasionplus.fr\/old2\/mentions-legales\/#breadcrumb","itemListElement":[{"@type":"ListItem","position":1,"name":"Accueil","item":"https:\/\/audi-strasbourg-occasionplus.fr\/old2\/"},{"@type":"ListItem","position":2,"name":"Mentions l\u00e9gales"}]},{"@type":"WebSite","@id":"https:\/\/audi-strasbourg-occasionplus.fr\/old2\/#website","url":"https:\/\/audi-strasbourg-occasionplus.fr\/old2\/","name":"Audi test","description":"Concessionnaire AUDI \u00e0 Obernai - Grand Est Automobiles.","potentialAction":[{"@type":"SearchAction","target":{"@type":"EntryPoint","urlTemplate":"https:\/\/audi-strasbourg-occasionplus.fr\/old2\/?s={search_term_string}"},"query-input":{"@type":"PropertyValueSpecification","valueRequired":true,"valueName":"search_term_string"}}],"inLanguage":"fr-FR"}]}},"acf":[],"_links":{"self":[{"href":"https:\/\/audi-strasbourg-occasionplus.fr\/old2\/wp-json\/wp\/v2\/pages\/218","targetHints":{"allow":["GET"]}}],"collection":[{"href":"https:\/\/audi-strasbourg-occasionplus.fr\/old2\/wp-json\/wp\/v2\/pages"}],"about":[{"href":"https:\/\/audi-strasbourg-occasionplus.fr\/old2\/wp-json\/wp\/v2\/types\/page"}],"author":[{"embeddable":true,"href":"https:\/\/audi-strasbourg-occasionplus.fr\/old2\/wp-json\/wp\/v2\/users\/1"}],"replies":[{"embeddable":true,"href":"https:\/\/audi-strasbourg-occasionplus.fr\/old2\/wp-json\/wp\/v2\/comments?post=218"}],"version-history":[{"count":8,"href":"https:\/\/audi-strasbourg-occasionplus.fr\/old2\/wp-json\/wp\/v2\/pages\/218\/revisions"}],"predecessor-version":[{"id":2671,"href":"https:\/\/audi-strasbourg-occasionplus.fr\/old2\/wp-json\/wp\/v2\/pages\/218\/revisions\/2671"}],"wp:featuredmedia":[{"embeddable":true,"href":"https:\/\/audi-strasbourg-occasionplus.fr\/old2\/wp-json\/wp\/v2\/media\/60"}],"wp:attachment":[{"href":"https:\/\/audi-strasbourg-occasionplus.fr\/old2\/wp-json\/wp\/v2\/media?parent=218"}],"curies":[{"name":"wp","href":"https:\/\/api.w.org\/{rel}","templated":true}]}}