{"id":137,"date":"2019-06-14T11:42:56","date_gmt":"2019-06-14T09:42:56","guid":{"rendered":"http:\/\/grandestauto.demo.izhak.fr\/?page_id=137"},"modified":"2019-11-29T11:57:54","modified_gmt":"2019-11-29T10:57:54","slug":"louer","status":"publish","type":"page","link":"https:\/\/audi-strasbourg-occasionplus.fr\/old2\/louer\/","title":{"rendered":"Louer"},"content":{"rendered":"<h3 class=\"left__title\">Louez un v\u00e9hicule en courte ou longue dur\u00e9e, de 1 jour \u00e0 1 mois<\/h3>\n<p class=\"left__txt\">Notre service de location de voitures vous propose une flotte compl\u00e8te de v\u00e9hicules de nos marques partenaires Peugeot, Audi, Volkswagen et Opel. R\u00e9servez un v\u00e9hicule haut de gamme pour vos d\u00e9placements professionnels, un utilitaire pro pour un d\u00e9m\u00e9nagement ou une mission ou encore une citadine pour le week-end. Que vous ayez besoin d&rsquo;un v\u00e9hicule pour quelques heures, une journ\u00e9e ou plusieurs jours, nous sommes \u00e0 votre \u00e9coute pour trouver ensemble la solution adapt\u00e9e \u00e0 vos besoins.<\/p>\n","protected":false},"excerpt":{"rendered":"<p>Louez un v\u00e9hicule en courte ou longue dur\u00e9e, de 1 jour \u00e0 1 mois Notre service de location de voitures<\/p>\n","protected":false},"author":1,"featured_media":1627,"parent":0,"menu_order":0,"comment_status":"closed","ping_status":"closed","template":"page-templates\/louer.php","meta":{"_acf_changed":false,"inline_featured_image":false,"footnotes":""},"class_list":["post-137","page","type-page","status-publish","has-post-thumbnail","hentry"],"yoast_head":"<!-- This site is optimized with the Yoast SEO plugin v27.4 - https:\/\/yoast.com\/product\/yoast-seo-wordpress\/ -->\n<title>Louer - Audi test<\/title>\n<meta name=\"description\" content=\"Notre service de location de voitures vous propose une flotte compl\u00e8te de v\u00e9hicules de nos marques partenaires Peugeot, Audi, Volkswagen et Opel.\" \/>\n<meta name=\"robots\" content=\"noindex, follow, max-snippet:-1, max-image-preview:large, max-video-preview:-1\" \/>\n<meta property=\"og:locale\" content=\"fr_FR\" \/>\n<meta property=\"og:type\" content=\"article\" \/>\n<meta property=\"og:title\" content=\"Louer - Audi test\" \/>\n<meta property=\"og:description\" content=\"Notre service de location de voitures vous propose une flotte compl\u00e8te de v\u00e9hicules de nos marques partenaires Peugeot, Audi, Volkswagen et Opel.\" \/>\n<meta property=\"og:url\" content=\"https:\/\/audi-strasbourg-occasionplus.fr\/old2\/louer\/\" \/>\n<meta property=\"og:site_name\" content=\"Audi test\" \/>\n<meta property=\"article:modified_time\" content=\"2019-11-29T10:57:54+00:00\" \/>\n<meta property=\"og:image\" content=\"https:\/\/audi-strasbourg-occasionplus.fr\/old2\/wp-content\/uploads\/sites\/29\/2019\/06\/portrait-of-happy-customer-buying-new-car-m34uanj-min.jpg\" \/>\n\t<meta property=\"og:image:width\" content=\"5760\" \/>\n\t<meta property=\"og:image:height\" content=\"3840\" \/>\n\t<meta property=\"og:image:type\" content=\"image\/jpeg\" \/>\n<meta name=\"twitter:card\" content=\"summary_large_image\" \/>\n<script type=\"application\/ld+json\" class=\"yoast-schema-graph\">{\"@context\":\"https:\\\/\\\/schema.org\",\"@graph\":[{\"@type\":\"WebPage\",\"@id\":\"https:\\\/\\\/audi-strasbourg-occasionplus.fr\\\/old2\\\/louer\\\/\",\"url\":\"https:\\\/\\\/audi-strasbourg-occasionplus.fr\\\/old2\\\/louer\\\/\",\"name\":\"Louer - Audi test\",\"isPartOf\":{\"@id\":\"https:\\\/\\\/audi-strasbourg-occasionplus.fr\\\/old2\\\/#website\"},\"primaryImageOfPage\":{\"@id\":\"https:\\\/\\\/audi-strasbourg-occasionplus.fr\\\/old2\\\/louer\\\/#primaryimage\"},\"image\":{\"@id\":\"https:\\\/\\\/audi-strasbourg-occasionplus.fr\\\/old2\\\/louer\\\/#primaryimage\"},\"thumbnailUrl\":\"https:\\\/\\\/audi-strasbourg-occasionplus.fr\\\/old2\\\/wp-content\\\/uploads\\\/sites\\\/29\\\/2019\\\/06\\\/portrait-of-happy-customer-buying-new-car-m34uanj-min.jpg\",\"datePublished\":\"2019-06-14T09:42:56+00:00\",\"dateModified\":\"2019-11-29T10:57:54+00:00\",\"description\":\"Notre service de location de voitures vous propose une flotte compl\u00e8te de v\u00e9hicules de nos marques partenaires Peugeot, Audi, Volkswagen et Opel.\",\"breadcrumb\":{\"@id\":\"https:\\\/\\\/audi-strasbourg-occasionplus.fr\\\/old2\\\/louer\\\/#breadcrumb\"},\"inLanguage\":\"fr-FR\",\"potentialAction\":[{\"@type\":\"ReadAction\",\"target\":[\"https:\\\/\\\/audi-strasbourg-occasionplus.fr\\\/old2\\\/louer\\\/\"]}]},{\"@type\":\"ImageObject\",\"inLanguage\":\"fr-FR\",\"@id\":\"https:\\\/\\\/audi-strasbourg-occasionplus.fr\\\/old2\\\/louer\\\/#primaryimage\",\"url\":\"https:\\\/\\\/audi-strasbourg-occasionplus.fr\\\/old2\\\/wp-content\\\/uploads\\\/sites\\\/29\\\/2019\\\/06\\\/portrait-of-happy-customer-buying-new-car-m34uanj-min.jpg\",\"contentUrl\":\"https:\\\/\\\/audi-strasbourg-occasionplus.fr\\\/old2\\\/wp-content\\\/uploads\\\/sites\\\/29\\\/2019\\\/06\\\/portrait-of-happy-customer-buying-new-car-m34uanj-min.jpg\",\"width\":5760,\"height\":3840},{\"@type\":\"BreadcrumbList\",\"@id\":\"https:\\\/\\\/audi-strasbourg-occasionplus.fr\\\/old2\\\/louer\\\/#breadcrumb\",\"itemListElement\":[{\"@type\":\"ListItem\",\"position\":1,\"name\":\"Accueil\",\"item\":\"https:\\\/\\\/audi-strasbourg-occasionplus.fr\\\/old2\\\/\"},{\"@type\":\"ListItem\",\"position\":2,\"name\":\"Louer\"}]},{\"@type\":\"WebSite\",\"@id\":\"https:\\\/\\\/audi-strasbourg-occasionplus.fr\\\/old2\\\/#website\",\"url\":\"https:\\\/\\\/audi-strasbourg-occasionplus.fr\\\/old2\\\/\",\"name\":\"Audi test\",\"description\":\"Concessionnaire AUDI \u00e0 Obernai - Grand Est Automobiles.\",\"potentialAction\":[{\"@type\":\"SearchAction\",\"target\":{\"@type\":\"EntryPoint\",\"urlTemplate\":\"https:\\\/\\\/audi-strasbourg-occasionplus.fr\\\/old2\\\/?s={search_term_string}\"},\"query-input\":{\"@type\":\"PropertyValueSpecification\",\"valueRequired\":true,\"valueName\":\"search_term_string\"}}],\"inLanguage\":\"fr-FR\"}]}<\/script>\n<!-- \/ Yoast SEO plugin. -->","yoast_head_json":{"title":"Louer - Audi test","description":"Notre service de location de voitures vous propose une flotte compl\u00e8te de v\u00e9hicules de nos marques partenaires Peugeot, Audi, Volkswagen et Opel.","robots":{"index":"noindex","follow":"follow","max-snippet":"max-snippet:-1","max-image-preview":"max-image-preview:large","max-video-preview":"max-video-preview:-1"},"og_locale":"fr_FR","og_type":"article","og_title":"Louer - Audi test","og_description":"Notre service de location de voitures vous propose une flotte compl\u00e8te de v\u00e9hicules de nos marques partenaires Peugeot, Audi, Volkswagen et Opel.","og_url":"https:\/\/audi-strasbourg-occasionplus.fr\/old2\/louer\/","og_site_name":"Audi test","article_modified_time":"2019-11-29T10:57:54+00:00","og_image":[{"width":5760,"height":3840,"url":"https:\/\/audi-strasbourg-occasionplus.fr\/old2\/wp-content\/uploads\/sites\/29\/2019\/06\/portrait-of-happy-customer-buying-new-car-m34uanj-min.jpg","type":"image\/jpeg"}],"twitter_card":"summary_large_image","schema":{"@context":"https:\/\/schema.org","@graph":[{"@type":"WebPage","@id":"https:\/\/audi-strasbourg-occasionplus.fr\/old2\/louer\/","url":"https:\/\/audi-strasbourg-occasionplus.fr\/old2\/louer\/","name":"Louer - Audi test","isPartOf":{"@id":"https:\/\/audi-strasbourg-occasionplus.fr\/old2\/#website"},"primaryImageOfPage":{"@id":"https:\/\/audi-strasbourg-occasionplus.fr\/old2\/louer\/#primaryimage"},"image":{"@id":"https:\/\/audi-strasbourg-occasionplus.fr\/old2\/louer\/#primaryimage"},"thumbnailUrl":"https:\/\/audi-strasbourg-occasionplus.fr\/old2\/wp-content\/uploads\/sites\/29\/2019\/06\/portrait-of-happy-customer-buying-new-car-m34uanj-min.jpg","datePublished":"2019-06-14T09:42:56+00:00","dateModified":"2019-11-29T10:57:54+00:00","description":"Notre service de location de voitures vous propose une flotte compl\u00e8te de v\u00e9hicules de nos marques partenaires Peugeot, Audi, Volkswagen et Opel.","breadcrumb":{"@id":"https:\/\/audi-strasbourg-occasionplus.fr\/old2\/louer\/#breadcrumb"},"inLanguage":"fr-FR","potentialAction":[{"@type":"ReadAction","target":["https:\/\/audi-strasbourg-occasionplus.fr\/old2\/louer\/"]}]},{"@type":"ImageObject","inLanguage":"fr-FR","@id":"https:\/\/audi-strasbourg-occasionplus.fr\/old2\/louer\/#primaryimage","url":"https:\/\/audi-strasbourg-occasionplus.fr\/old2\/wp-content\/uploads\/sites\/29\/2019\/06\/portrait-of-happy-customer-buying-new-car-m34uanj-min.jpg","contentUrl":"https:\/\/audi-strasbourg-occasionplus.fr\/old2\/wp-content\/uploads\/sites\/29\/2019\/06\/portrait-of-happy-customer-buying-new-car-m34uanj-min.jpg","width":5760,"height":3840},{"@type":"BreadcrumbList","@id":"https:\/\/audi-strasbourg-occasionplus.fr\/old2\/louer\/#breadcrumb","itemListElement":[{"@type":"ListItem","position":1,"name":"Accueil","item":"https:\/\/audi-strasbourg-occasionplus.fr\/old2\/"},{"@type":"ListItem","position":2,"name":"Louer"}]},{"@type":"WebSite","@id":"https:\/\/audi-strasbourg-occasionplus.fr\/old2\/#website","url":"https:\/\/audi-strasbourg-occasionplus.fr\/old2\/","name":"Audi test","description":"Concessionnaire AUDI \u00e0 Obernai - Grand Est Automobiles.","potentialAction":[{"@type":"SearchAction","target":{"@type":"EntryPoint","urlTemplate":"https:\/\/audi-strasbourg-occasionplus.fr\/old2\/?s={search_term_string}"},"query-input":{"@type":"PropertyValueSpecification","valueRequired":true,"valueName":"search_term_string"}}],"inLanguage":"fr-FR"}]}},"acf":[],"_links":{"self":[{"href":"https:\/\/audi-strasbourg-occasionplus.fr\/old2\/wp-json\/wp\/v2\/pages\/137","targetHints":{"allow":["GET"]}}],"collection":[{"href":"https:\/\/audi-strasbourg-occasionplus.fr\/old2\/wp-json\/wp\/v2\/pages"}],"about":[{"href":"https:\/\/audi-strasbourg-occasionplus.fr\/old2\/wp-json\/wp\/v2\/types\/page"}],"author":[{"embeddable":true,"href":"https:\/\/audi-strasbourg-occasionplus.fr\/old2\/wp-json\/wp\/v2\/users\/1"}],"replies":[{"embeddable":true,"href":"https:\/\/audi-strasbourg-occasionplus.fr\/old2\/wp-json\/wp\/v2\/comments?post=137"}],"version-history":[{"count":23,"href":"https:\/\/audi-strasbourg-occasionplus.fr\/old2\/wp-json\/wp\/v2\/pages\/137\/revisions"}],"predecessor-version":[{"id":2717,"href":"https:\/\/audi-strasbourg-occasionplus.fr\/old2\/wp-json\/wp\/v2\/pages\/137\/revisions\/2717"}],"wp:featuredmedia":[{"embeddable":true,"href":"https:\/\/audi-strasbourg-occasionplus.fr\/old2\/wp-json\/wp\/v2\/media\/1627"}],"wp:attachment":[{"href":"https:\/\/audi-strasbourg-occasionplus.fr\/old2\/wp-json\/wp\/v2\/media?parent=137"}],"curies":[{"name":"wp","href":"https:\/\/api.w.org\/{rel}","templated":true}]}}